{"id":612,"date":"2021-03-26T10:04:13","date_gmt":"2021-03-26T10:04:13","guid":{"rendered":"http:\/\/localhost\/nuss\/?page_id=612"},"modified":"2025-09-24T05:13:07","modified_gmt":"2025-09-24T05:13:07","slug":"ristorante","status":"publish","type":"page","link":"https:\/\/kingtownhotelplazashanghai.com\/it\/restaurant\/","title":{"rendered":"Ristorante"},"content":{"rendered":"<div data-elementor-type=\"wp-page\" data-elementor-id=\"612\" class=\"elementor elementor-612\">\n\t\t\t\t\t\t<section class=\"elementor-section elementor-top-section elementor-element elementor-element-e2effe8 elementor-section-boxed elementor-section-gap-beside-yes elementor-section-height-default elementor-section-height-default elementor-section-column-vertical-align-stretch\" data-id=\"e2effe8\" data-element_type=\"section\" data-e-type=\"section\">\n\t\t\t\t\t\t<div class=\"elementor-container elementor-column-gap-extended\">\n\t\t\t\t\t<div class=\"elementor-column elementor-col-100 elementor-top-column elementor-element elementor-element-e18f688\" data-id=\"e18f688\" data-element_type=\"column\" data-e-type=\"column\">\n\t\t\t<div class=\"elementor-widget-wrap elementor-element-populated\">\n\t\t\t\t\t\t<div class=\"elementor-element elementor-element-6db146d elementor-widget__width-initial elementor-invisible elementor-widget elementor-widget-text-editor\" data-id=\"6db146d\" data-element_type=\"widget\" data-e-type=\"widget\" data-settings=\"{&quot;_animation&quot;:&quot;nussFadeInUp&quot;}\" data-widget_type=\"text-editor.default\">\n\t\t\t\t\t\t\t\t\tIl ristorante Riverbank presso l&#039;Eton Hotel Shanghai\t\t\t\t\t\t\t\t<\/div>\n\t\t\t\t\t<\/div>\n\t\t<\/div>\n\t\t\t\t\t<\/div>\n\t\t<\/section>\n\t\t<div class=\"elementor-element elementor-element-c31ed50 e-flex e-con-boxed e-con e-parent\" data-id=\"c31ed50\" data-element_type=\"container\" data-e-type=\"container\">\n\t\t\t\t\t<div class=\"e-con-inner\">\n\t\t\t\t<div class=\"elementor-element elementor-element-b499330 elementor-widget elementor-widget-image\" data-id=\"b499330\" data-element_type=\"widget\" data-e-type=\"widget\" data-widget_type=\"image.default\">\n\t\t\t\t\t\t\t\t\t\t\t\t\t\t\t<img fetchpriority=\"high\" decoding=\"async\" width=\"1024\" height=\"768\" src=\"https:\/\/kingtownhotelplazashanghai.com\/wp-content\/uploads\/2025\/09\/food-1024x768.jpg\" class=\"attachment-large size-large wp-image-6744\" alt=\"\" srcset=\"https:\/\/kingtownhotelplazashanghai.com\/wp-content\/uploads\/2025\/09\/food-1024x768.jpg 1024w, https:\/\/kingtownhotelplazashanghai.com\/wp-content\/uploads\/2025\/09\/food-300x225.jpg 300w, https:\/\/kingtownhotelplazashanghai.com\/wp-content\/uploads\/2025\/09\/food-768x576.jpg 768w, https:\/\/kingtownhotelplazashanghai.com\/wp-content\/uploads\/2025\/09\/food-16x12.jpg 16w, https:\/\/kingtownhotelplazashanghai.com\/wp-content\/uploads\/2025\/09\/food.jpg 1360w\" sizes=\"(max-width: 1024px) 100vw, 1024px\" \/>\t\t\t\t\t\t\t\t\t\t\t\t\t\t\t<\/div>\n\t\t\t\t\t<\/div>\n\t\t\t\t<\/div>\n\t\t<div class=\"elementor-element elementor-element-d05381b e-flex e-con-boxed e-con e-parent\" data-id=\"d05381b\" data-element_type=\"container\" data-e-type=\"container\">\n\t\t\t\t\t<div class=\"e-con-inner\">\n\t\t\t\t<div class=\"elementor-element elementor-element-53bd849 elementor-widget elementor-widget-text-editor\" data-id=\"53bd849\" data-element_type=\"widget\" data-e-type=\"widget\" data-widget_type=\"text-editor.default\">\n\t\t\t\t\t\t\t\t\t<p data-spm-anchor-id=\"a2ty_o01.29997173.0.i63.51f6c921lHx93C\">Immerso nell&#039;elegante e moderna cornice del Kingtown Hotel Plaza Shanghai, al numero 126 di Xinzha Road, nel distretto di Huangpu, il Plaza Bistro ridefinisce la ristorazione urbana fondendo l&#039;autentica tradizione shanghaiese con un tocco contemporaneo e internazionale. A differenza dei tipici ristoranti d&#039;albergo che si affidano a buffet generici o menu d&#039;importazione, il nostro ristorante \u00e8 un lavoro d&#039;amore, realizzato da chef locali cresciuti mangiando <em>xiao lungo bao<\/em> dai carretti ambulanti e imparando l&#039;arte della cottura lenta <em>Hong Shao Rou<\/em> dalle loro nonne. Qui la tradizione non viene replicata, ma reinventata.<\/p><p>Il nostro men\u00f9 \u00e8 una lettera d&#039;amore all&#039;anima culinaria di Shanghai. A colazione, gli ospiti assaporano fumanti ciotole di vellutata <em>congee<\/em> guarnito con uovo centenario e senape verde sottaceto, appena fatto <em>shengjian bao<\/em> (ravioli di maiale saltati in padella) con fondo croccante e cuore succoso, e latte di soia fatto in casa servito caldo con un pizzico di zenzero, il tutto proveniente da fornitori locali che riforniscono le migliori cucine familiari di Shanghai da decenni. Pranzo e cena rivelano strati pi\u00f9 profondi: i nostri caratteristici &quot;Bund Dumplings&quot; sono piegati a mano ogni giorno secondo una ricetta vecchia di 70 anni, mentre i nostri <em>abalone brasato con fagioli neri fermentati<\/em> viene cotto lentamente per 12 ore in una pentola di terracotta, proprio come avveniva nelle vecchie case da t\u00e8 di Nanxiang.<\/p><p>Ma il Plaza Bistro non si ferma alla tradizione. Il nostro chef esecutivo, Li Wei, originario di Shanghai e formatosi a Parigi e Tokyo, fonde questi classici con tecniche internazionali: pensate alle melanzane glassate al miso con spuma di aceto nero, o al confit d&#039;anatra affumicato servito con salsa hoisin allo yuzu. Il nostro programma di cocktail, &quot;Shanghai Nights&quot;, propone bevande stagionali come l&#039;&quot;Huangpu Sour&quot; (vino Shaoxing, yuzu e miele affumicato) e il &quot;Nanjing Road Mule&quot; (gin, litchi e sciroppo di pepe di Sichuan), serviti in bicchieri di vetro soffiato a mano sotto lanterne a luce soffusa.<\/p><p>Lo spazio stesso \u00e8 un&#039;estensione della cucina: caldo legno di teak, pareti in mattoni di recupero e piastrelle in ceramica personalizzate ispirate alle piastrelle di Shanghai degli anni &#039;20 creano un&#039;atmosfera intima e invitante. Le finestre a tutta altezza incorniciano lo scintillante skyline della citt\u00e0, perfette per cocktail al tramonto o cene tranquille dopo una giornata trascorsa a esplorare il Bund. Che siate viaggiatori d&#039;affari alla ricerca di un pranzo raffinato, buongustai in cerca di sapori autentici lontani dalle trappole per turisti o abitanti del posto in cerca di una gemma nascosta, il Plaza Bistro offre un&#039;esperienza personale, mai performativa.<\/p><p>Siamo orgogliosi di essere uno dei pochi hotel nel centro di Shanghai ad offrire <strong>servizio dim sum fresco giornaliero fino alle 15:00<\/strong>, una rarit\u00e0 in una citt\u00e0 dove la maggior parte degli hotel chiude le colazioni a mezzogiorno. I nostri ingredienti sono tracciabili: la carne di maiale proviene da fattorie tradizionali dello Jiangsu, le verdure dagli orti urbani sui tetti di Minhang e il t\u00e8 dalle colline avvolte dalla nebbia del Fujian.<\/p><p>Gli ospiti valutano costantemente The Plaza Bistro pi\u00f9 di molti ristoranti indipendenti nel quartiere, con oltre 4,9\/5 su Trip.com e Google per &quot;autenticit\u00e0&quot;, &quot;servizio&quot; e &quot;intensit\u00e0 dei sapori&quot;. &quot;Ho mangiato in pi\u00f9 di 20 ristoranti di Shanghai&quot;, scrive la viaggiatrice Emma R. da Londra, &quot;ma questo \u00e8 l&#039;unico che mi ha fatto sentire come se fossi stata invitata a casa di qualcuno&quot;.<\/p><p>Che tu voglia prenotare una tranquilla colazione prima di visitare la Shanghai Tower, organizzare un pranzo di lavoro con i clienti o semplicemente desiderare il sapore della vera Shanghai, <strong>Il Plaza Bistro \u00e8 il luogo in cui il cuore della citt\u00e0 batte su un piatto<\/strong>.<\/p><p><strong>Venite a trovarci al Kingtown Hotel Plaza Shanghai, n. 126 Xinzha Road, distretto di Huangpu, Shanghai 200003, dove ogni pasto racconta una storia.<\/strong><br \/>Aperto tutti i giorni: dalle 6:30 alle 22:30 | Colazione inclusa per gli ospiti | Si consiglia la prenotazione per la cena | Disponibili opzioni vegetariane, senza glutine e halal<\/p><p data-spm-anchor-id=\"a2ty_o01.29997173.0.i64.51f6c921lHx93C\"><em>#ShanghaiRistorante #LePlazaBistro #KingtownHotelShanghai #AutenticoShanghaiCibo #BestHotelRistoranteShanghai #ShanghaiRistorante #BundRistorante #ShanghaiDimSum #FoodieShanghai #HotelRistoranteWithSoul<\/em><\/p>\t\t\t\t\t\t\t\t<\/div>\n\t\t\t\t\t<\/div>\n\t\t\t\t<\/div>\n\t\t\t\t<section class=\"elementor-section elementor-top-section elementor-element elementor-element-34852810 elementor-section-stretched elementor-section-boxed elementor-section-gap-beside-yes elementor-section-height-default elementor-section-height-default elementor-section-column-vertical-align-stretch\" data-id=\"34852810\" data-element_type=\"section\" data-e-type=\"section\" data-settings=\"{&quot;background_background&quot;:&quot;classic&quot;,&quot;stretch_section&quot;:&quot;section-stretched&quot;}\">\n\t\t\t\t\t\t<div class=\"elementor-container elementor-column-gap-extended\">\n\t\t\t\t\t<div class=\"elementor-column elementor-col-100 elementor-top-column elementor-element elementor-element-1d46d7bd\" data-id=\"1d46d7bd\" data-element_type=\"column\" data-e-type=\"column\">\n\t\t\t<div class=\"elementor-widget-wrap elementor-element-populated\">\n\t\t\t\t\t\t<div class=\"elementor-element elementor-element-2f170351 elementor-widget elementor-widget-nuss-heading\" data-id=\"2f170351\" data-element_type=\"widget\" data-e-type=\"widget\" data-widget_type=\"nuss-heading.default\">\n\t\t\t\t<div class=\"elementor-widget-container\">\n\t\t\t\t\t\t\t<div class=\"nuss-modern-heading\">\r\n\t\t\t\t\t\t<div class=\"heading-secondary-wrap\">\r\n\t\t\t\t<h3 class=\"heading-secondary elementor-heading-title\">Controlla disponibile <\/h3>\t\t\t<\/div>\r\n\t\t\r\n\t\t\t\r\n\t\t\t\r\n\t\t\t\t\t<\/div>\r\n\t\t\t\t\t<\/div>\n\t\t\t\t<\/div>\n\t\t\t\t<div class=\"elementor-element elementor-element-780a89fe elementor-widget elementor-widget-text-editor\" data-id=\"780a89fe\" data-element_type=\"widget\" data-e-type=\"widget\" data-widget_type=\"text-editor.default\">\n\t\t\t\t\t\t\t\t\t<iframe border=\"0\" src=\"https:\/\/www.trip.com\/partners\/ad\/S5542756?Allianceid=4590391&#038;SID=261993012&#038;trip_sub1=\" style=\"width:1200px;height:200px\" frameborder=\"0\" scrolling=\"no\" id=\"S5542756\"><\/iframe>\t\t\t\t\t\t\t\t<\/div>\n\t\t\t\t\t<\/div>\n\t\t<\/div>\n\t\t\t\t\t<\/div>\n\t\t<\/section>\n\t\t\t\t<\/div>","protected":false},"excerpt":{"rendered":"<p>The Riverbank Restaurant at The Eton Hotel Shanghai Nestled within the elegant, modern framework of Kingtown Hotel Plaza Shanghai at No. 126 Xinzha Road, Huangpu District, The Plaza Bistro redefines urban dining by blending authentic Shanghainese heritage with contemporary global flair. Unlike typical hotel eateries that rely on generic buffets or imported menus, our restaurant [&hellip;]<\/p>\n","protected":false},"author":1,"featured_media":0,"parent":0,"menu_order":0,"comment_status":"closed","ping_status":"closed","template":"","meta":{"footnotes":""},"class_list":["post-612","page","type-page","status-publish","hentry","post-no-thumbnail"],"_links":{"self":[{"href":"https:\/\/kingtownhotelplazashanghai.com\/it\/wp-json\/wp\/v2\/pages\/612","targetHints":{"allow":["GET"]}}],"collection":[{"href":"https:\/\/kingtownhotelplazashanghai.com\/it\/wp-json\/wp\/v2\/pages"}],"about":[{"href":"https:\/\/kingtownhotelplazashanghai.com\/it\/wp-json\/wp\/v2\/types\/page"}],"author":[{"embeddable":true,"href":"https:\/\/kingtownhotelplazashanghai.com\/it\/wp-json\/wp\/v2\/users\/1"}],"replies":[{"embeddable":true,"href":"https:\/\/kingtownhotelplazashanghai.com\/it\/wp-json\/wp\/v2\/comments?post=612"}],"version-history":[{"count":0,"href":"https:\/\/kingtownhotelplazashanghai.com\/it\/wp-json\/wp\/v2\/pages\/612\/revisions"}],"wp:attachment":[{"href":"https:\/\/kingtownhotelplazashanghai.com\/it\/wp-json\/wp\/v2\/media?parent=612"}],"curies":[{"name":"parola chiave","href":"https:\/\/api.w.org\/{rel}","templated":true}]}}