{"id":5266,"date":"2021-07-18T08:03:35","date_gmt":"2021-07-18T08:03:35","guid":{"rendered":"https:\/\/nuss.uxper.co\/luxury-resort\/?page_id=5266"},"modified":"2025-09-24T04:26:19","modified_gmt":"2025-09-24T04:26:19","slug":"a-propos-de-nous","status":"publish","type":"page","link":"https:\/\/kingtownhotelplazashanghai.com\/fr\/about-us\/","title":{"rendered":"\u00c0 propos de nous"},"content":{"rendered":"<div data-elementor-type=\"wp-page\" data-elementor-id=\"5266\" class=\"elementor elementor-5266\">\n\t\t\t\t\t\t<section class=\"elementor-section elementor-top-section elementor-element elementor-element-10416953 elementor-section-boxed elementor-section-gap-beside-yes elementor-section-height-default elementor-section-height-default elementor-section-column-vertical-align-stretch\" data-id=\"10416953\" data-element_type=\"section\" data-e-type=\"section\">\n\t\t\t\t\t\t<div class=\"elementor-container elementor-column-gap-extended\">\n\t\t\t\t\t<div class=\"elementor-column elementor-col-100 elementor-top-column elementor-element elementor-element-29c6aa8\" data-id=\"29c6aa8\" data-element_type=\"column\" data-e-type=\"column\">\n\t\t\t<div class=\"elementor-widget-wrap elementor-element-populated\">\n\t\t\t\t\t\t<div class=\"elementor-element elementor-element-7be18fe7 elementor-widget__width-initial elementor-invisible elementor-widget elementor-widget-text-editor\" data-id=\"7be18fe7\" data-element_type=\"widget\" data-e-type=\"widget\" data-settings=\"{&quot;_animation&quot;:&quot;nussFadeInUp&quot;}\" data-widget_type=\"text-editor.default\">\n\t\t\t\t\t\t\t\t\t<div class=\"svelte-1c06zsf\" data-lang-code=\"\"><p data-spm-anchor-id=\"a2ty_o01.29997173.0.i24.326ec921X6ADvz\">Luxe et emplacement au c\u0153ur de Huangpu<\/p><\/div>\t\t\t\t\t\t\t\t<\/div>\n\t\t\t\t\t<\/div>\n\t\t<\/div>\n\t\t\t\t\t<\/div>\n\t\t<\/section>\n\t\t\t\t<section class=\"elementor-section elementor-top-section elementor-element elementor-element-7d18327f elementor-section-boxed elementor-section-gap-beside-yes elementor-section-height-default elementor-section-height-default elementor-section-column-vertical-align-stretch\" data-id=\"7d18327f\" data-element_type=\"section\" data-e-type=\"section\">\n\t\t\t\t\t\t<div class=\"elementor-container elementor-column-gap-extended\">\n\t\t\t\t\t<div class=\"elementor-column elementor-col-50 elementor-top-column elementor-element elementor-element-56533670\" data-id=\"56533670\" data-element_type=\"column\" data-e-type=\"column\">\n\t\t\t<div class=\"elementor-widget-wrap elementor-element-populated\">\n\t\t\t\t\t\t<div class=\"elementor-element elementor-element-19c3f543 elementor-invisible elementor-widget elementor-widget-text-editor\" data-id=\"19c3f543\" data-element_type=\"widget\" data-e-type=\"widget\" data-settings=\"{&quot;_animation&quot;:&quot;nussFadeInUp&quot;}\" data-widget_type=\"text-editor.default\">\n\t\t\t\t\t\t\t\t\t<div class=\"svelte-1c06zsf\" data-lang-code=\"\"><p data-spm-anchor-id=\"a2ty_o01.29997173.0.i23.51f6c921lHx93C\">Nich\u00e9 au c\u0153ur du quartier anim\u00e9 de Huangpu \u00e0 Shanghai, au 126 Xinzha Road, le Kingtown Hotel Plaza Shanghai offre aux voyageurs exigeants un m\u00e9lange incomparable de luxe moderne, de commodit\u00e9s pratiques et de charme urbain authentique. \u00c0 seulement 5 minutes \u00e0 pied de l&#039;embl\u00e9matique Bund, \u00e0 10 minutes de la rue pi\u00e9tonne Nanjing Road et \u00e0 deux pas des principaux centres d&#039;affaires et des lignes de m\u00e9tro (lignes 10 et 12), notre h\u00f4tel-boutique est le point de d\u00e9part id\u00e9al pour les voyageurs d&#039;affaires comme pour les vacanciers.\u00a0<\/p><\/div>\t\t\t\t\t\t\t\t<\/div>\n\t\t\t\t\t<\/div>\n\t\t<\/div>\n\t\t\t\t<div class=\"elementor-column elementor-col-50 elementor-top-column elementor-element elementor-element-30f14127\" data-id=\"30f14127\" data-element_type=\"column\" data-e-type=\"column\">\n\t\t\t<div class=\"elementor-widget-wrap elementor-element-populated\">\n\t\t\t\t\t\t<div class=\"elementor-element elementor-element-59aea08 elementor-widget elementor-widget-image\" data-id=\"59aea08\" data-element_type=\"widget\" data-e-type=\"widget\" data-widget_type=\"image.default\">\n\t\t\t\t\t\t\t\t\t\t\t\t\t\t\t<img fetchpriority=\"high\" decoding=\"async\" width=\"649\" height=\"853\" src=\"https:\/\/kingtownhotelplazashanghai.com\/wp-content\/uploads\/2025\/09\/Kingtown-Hotel-Plaza-Shanghai-5.webp\" class=\"attachment-large size-large wp-image-6674\" alt=\"\" srcset=\"https:\/\/kingtownhotelplazashanghai.com\/wp-content\/uploads\/2025\/09\/Kingtown-Hotel-Plaza-Shanghai-5.webp 649w, https:\/\/kingtownhotelplazashanghai.com\/wp-content\/uploads\/2025\/09\/Kingtown-Hotel-Plaza-Shanghai-5-228x300.webp 228w, https:\/\/kingtownhotelplazashanghai.com\/wp-content\/uploads\/2025\/09\/Kingtown-Hotel-Plaza-Shanghai-5-9x12.webp 9w\" sizes=\"(max-width: 649px) 100vw, 649px\" \/>\t\t\t\t\t\t\t\t\t\t\t\t\t\t\t<\/div>\n\t\t\t\t\t<\/div>\n\t\t<\/div>\n\t\t\t\t\t<\/div>\n\t\t<\/section>\n\t\t\t\t<section class=\"elementor-section elementor-top-section elementor-element elementor-element-29fb8578 elementor-section-height-min-height elementor-section-stretched elementor-section-full_width elementor-section-items-stretch elementor-section-height-default elementor-section-column-vertical-align-stretch\" data-id=\"29fb8578\" data-element_type=\"section\" data-e-type=\"section\" data-settings=\"{&quot;stretch_section&quot;:&quot;section-stretched&quot;}\">\n\t\t\t\t\t\t<div class=\"elementor-container elementor-column-gap-no\">\n\t\t\t\t\t<div class=\"elementor-column elementor-col-50 elementor-top-column elementor-element elementor-element-40ac270b\" data-id=\"40ac270b\" data-element_type=\"column\" data-e-type=\"column\">\n\t\t\t<div class=\"elementor-widget-wrap elementor-element-populated\">\n\t\t\t\t\t\t<div class=\"elementor-element elementor-element-20872773 elementor-widget__width-initial elementor-widget-mobile__width-inherit elementor-invisible nuss-elementor-loading nuss-slide-in-right elementor-widget elementor-widget-image\" data-id=\"20872773\" data-element_type=\"widget\" data-e-type=\"widget\" data-settings=\"{&quot;_animation&quot;:&quot;nussSlideInRight&quot;}\" data-widget_type=\"image.default\">\n\t\t\t\t\t\t\t\t\t\t\t\t\t\t\t<img decoding=\"async\" width=\"1280\" height=\"853\" src=\"https:\/\/kingtownhotelplazashanghai.com\/wp-content\/uploads\/2025\/09\/Kingtown-Hotel-Plaza-Shanghai-7.webp\" class=\"attachment-full size-full wp-image-6676\" alt=\"\" srcset=\"https:\/\/kingtownhotelplazashanghai.com\/wp-content\/uploads\/2025\/09\/Kingtown-Hotel-Plaza-Shanghai-7.webp 1280w, https:\/\/kingtownhotelplazashanghai.com\/wp-content\/uploads\/2025\/09\/Kingtown-Hotel-Plaza-Shanghai-7-300x200.webp 300w, https:\/\/kingtownhotelplazashanghai.com\/wp-content\/uploads\/2025\/09\/Kingtown-Hotel-Plaza-Shanghai-7-1024x682.webp 1024w, https:\/\/kingtownhotelplazashanghai.com\/wp-content\/uploads\/2025\/09\/Kingtown-Hotel-Plaza-Shanghai-7-768x512.webp 768w, https:\/\/kingtownhotelplazashanghai.com\/wp-content\/uploads\/2025\/09\/Kingtown-Hotel-Plaza-Shanghai-7-18x12.webp 18w\" sizes=\"(max-width: 1280px) 100vw, 1280px\" \/>\t\t\t\t\t\t\t\t\t\t\t\t\t\t\t<\/div>\n\t\t\t\t\t<\/div>\n\t\t<\/div>\n\t\t\t\t<div class=\"elementor-column elementor-col-50 elementor-top-column elementor-element elementor-element-2dac103\" data-id=\"2dac103\" data-element_type=\"column\" data-e-type=\"column\">\n\t\t\t<div class=\"elementor-widget-wrap elementor-element-populated\">\n\t\t\t\t\t\t<div class=\"elementor-element elementor-element-6f1b8966 elementor-invisible elementor-widget elementor-widget-text-editor\" data-id=\"6f1b8966\" data-element_type=\"widget\" data-e-type=\"widget\" data-settings=\"{&quot;_animation&quot;:&quot;nussFadeInUp&quot;}\" data-widget_type=\"text-editor.default\">\n\t\t\t\t\t\t\t\t\t<p>Con\u00e7ues avec des int\u00e9rieurs \u00e9pur\u00e9s et minimalistes et une technologie de pointe, chacune de nos plus de 180 chambres offre une vue imprenable sur la ville, une literie haut de gamme, une bonne insonorisation et le Wi-Fi haut d\u00e9bit pour garantir confort et productivit\u00e9. Savourez une cuisine raffin\u00e9e dans notre restaurant prim\u00e9, o\u00f9 la cuisine shangha\u00efenne contemporaine rencontre les saveurs du monde \u00e0 partir d&#039;ingr\u00e9dients locaux. Profitez de services de conciergerie 24h\/24 et 7j\/7 adapt\u00e9s \u00e0 vos besoins, des visites guid\u00e9es de la ville aux livraisons de raviolis de derni\u00e8re minute, ainsi que d&#039;une salle de fitness, d&#039;un salon d&#039;affaires et d&#039;espaces de r\u00e9union \u00e9quip\u00e9s pour des \u00e9v\u00e9nements harmonieux. Que vous soyez en visite pour le travail, la culture ou les rencontres, le Kingtown Hotel Plaza Shanghai ne se contente pas d&#039;optimiser votre s\u00e9jour, il le sublime. R\u00e9servez directement pour b\u00e9n\u00e9ficier de tarifs exclusifs, du petit-d\u00e9jeuner offert et du d\u00e9part tardif. D\u00e9couvrez pourquoi les voyageurs nous classent r\u00e9guli\u00e8rement parmi les h\u00f4tels les plus personnalis\u00e9s et les plus centraux de Shanghai, o\u00f9 le rythme de la ville rencontre la sophistication tranquille.<\/p>\t\t\t\t\t\t\t\t<\/div>\n\t\t\t\t\t<\/div>\n\t\t<\/div>\n\t\t\t\t\t<\/div>\n\t\t<\/section>\n\t\t\t\t<section class=\"elementor-section elementor-top-section elementor-element elementor-element-2092b7d0 elementor-section-stretched elementor-section-boxed elementor-section-gap-beside-yes elementor-section-height-default elementor-section-height-default elementor-section-column-vertical-align-stretch\" data-id=\"2092b7d0\" data-element_type=\"section\" data-e-type=\"section\" data-settings=\"{&quot;background_background&quot;:&quot;classic&quot;,&quot;stretch_section&quot;:&quot;section-stretched&quot;}\">\n\t\t\t\t\t\t<div class=\"elementor-container elementor-column-gap-extended\">\n\t\t\t\t\t<div class=\"elementor-column elementor-col-100 elementor-top-column elementor-element elementor-element-be69d75\" data-id=\"be69d75\" data-element_type=\"column\" data-e-type=\"column\">\n\t\t\t<div class=\"elementor-widget-wrap elementor-element-populated\">\n\t\t\t\t\t\t<div class=\"elementor-element elementor-element-320c022 elementor-widget elementor-widget-nuss-heading\" data-id=\"320c022\" data-element_type=\"widget\" data-e-type=\"widget\" data-widget_type=\"nuss-heading.default\">\n\t\t\t\t<div class=\"elementor-widget-container\">\n\t\t\t\t\t\t\t<div class=\"nuss-modern-heading\">\r\n\t\t\t\t\t\t<div class=\"heading-secondary-wrap\">\r\n\t\t\t\t<h3 class=\"heading-secondary elementor-heading-title\">Ch\u00e8que disponible <\/h3>\t\t\t<\/div>\r\n\t\t\r\n\t\t\t\r\n\t\t\t\r\n\t\t\t\t\t<\/div>\r\n\t\t\t\t\t<\/div>\n\t\t\t\t<\/div>\n\t\t\t\t<div class=\"elementor-element elementor-element-cafba93 elementor-widget elementor-widget-text-editor\" data-id=\"cafba93\" data-element_type=\"widget\" data-e-type=\"widget\" data-widget_type=\"text-editor.default\">\n\t\t\t\t\t\t\t\t\t<iframe border=\"0\" src=\"https:\/\/www.trip.com\/partners\/ad\/S5542756?Allianceid=4590391&#038;SID=261993012&#038;trip_sub1=\" style=\"width:1200px;height:200px\" frameborder=\"0\" scrolling=\"no\" id=\"S5542756\"><\/iframe>\t\t\t\t\t\t\t\t<\/div>\n\t\t\t\t\t<\/div>\n\t\t<\/div>\n\t\t\t\t\t<\/div>\n\t\t<\/section>\n\t\t\t\t<\/div>","protected":false},"excerpt":{"rendered":"<p>Luxury &amp; Location in the Heart of Huangpu Nestled in the vibrant heart of Shanghai\u2019s Huangpu District at No. 126 Xinzha Road, Kingtown Hotel Plaza Shanghai offers an unparalleled blend of modern luxury, strategic convenience, and authentic urban charm for discerning travelers. Just a 5-minute walk from the iconic Bund, 10 minutes from Nanjing Road [&hellip;]<\/p>\n","protected":false},"author":1,"featured_media":0,"parent":0,"menu_order":0,"comment_status":"closed","ping_status":"closed","template":"","meta":{"footnotes":""},"class_list":["post-5266","page","type-page","status-publish","hentry","post-no-thumbnail"],"_links":{"self":[{"href":"https:\/\/kingtownhotelplazashanghai.com\/fr\/wp-json\/wp\/v2\/pages\/5266","targetHints":{"allow":["GET"]}}],"collection":[{"href":"https:\/\/kingtownhotelplazashanghai.com\/fr\/wp-json\/wp\/v2\/pages"}],"about":[{"href":"https:\/\/kingtownhotelplazashanghai.com\/fr\/wp-json\/wp\/v2\/types\/page"}],"author":[{"embeddable":true,"href":"https:\/\/kingtownhotelplazashanghai.com\/fr\/wp-json\/wp\/v2\/users\/1"}],"replies":[{"embeddable":true,"href":"https:\/\/kingtownhotelplazashanghai.com\/fr\/wp-json\/wp\/v2\/comments?post=5266"}],"version-history":[{"count":0,"href":"https:\/\/kingtownhotelplazashanghai.com\/fr\/wp-json\/wp\/v2\/pages\/5266\/revisions"}],"wp:attachment":[{"href":"https:\/\/kingtownhotelplazashanghai.com\/fr\/wp-json\/wp\/v2\/media?parent=5266"}],"curies":[{"name":"wp","href":"https:\/\/api.w.org\/{rel}","templated":true}]}}