{"id":612,"date":"2021-03-26T10:04:13","date_gmt":"2021-03-26T10:04:13","guid":{"rendered":"http:\/\/localhost\/nuss\/?page_id=612"},"modified":"2025-09-24T05:13:07","modified_gmt":"2025-09-24T05:13:07","slug":"restaurante","status":"publish","type":"page","link":"https:\/\/kingtownhotelplazashanghai.com\/es\/restaurant\/","title":{"rendered":"Restaurante"},"content":{"rendered":"<div data-elementor-type=\"wp-page\" data-elementor-id=\"612\" class=\"elementor elementor-612\">\n\t\t\t\t\t\t<section class=\"elementor-section elementor-top-section elementor-element elementor-element-e2effe8 elementor-section-boxed elementor-section-gap-beside-yes elementor-section-height-default elementor-section-height-default elementor-section-column-vertical-align-stretch\" data-id=\"e2effe8\" data-element_type=\"section\" data-e-type=\"section\">\n\t\t\t\t\t\t<div class=\"elementor-container elementor-column-gap-extended\">\n\t\t\t\t\t<div class=\"elementor-column elementor-col-100 elementor-top-column elementor-element elementor-element-e18f688\" data-id=\"e18f688\" data-element_type=\"column\" data-e-type=\"column\">\n\t\t\t<div class=\"elementor-widget-wrap elementor-element-populated\">\n\t\t\t\t\t\t<div class=\"elementor-element elementor-element-6db146d elementor-widget__width-initial elementor-invisible elementor-widget elementor-widget-text-editor\" data-id=\"6db146d\" data-element_type=\"widget\" data-e-type=\"widget\" data-settings=\"{&quot;_animation&quot;:&quot;nussFadeInUp&quot;}\" data-widget_type=\"text-editor.default\">\n\t\t\t\t\t\t\t\t\tEl restaurante Riverbank del Hotel Eton de Shangh\u00e1i\t\t\t\t\t\t\t\t<\/div>\n\t\t\t\t\t<\/div>\n\t\t<\/div>\n\t\t\t\t\t<\/div>\n\t\t<\/section>\n\t\t<div class=\"elementor-element elementor-element-c31ed50 e-flex e-con-boxed e-con e-parent\" data-id=\"c31ed50\" data-element_type=\"container\" data-e-type=\"container\">\n\t\t\t\t\t<div class=\"e-con-inner\">\n\t\t\t\t<div class=\"elementor-element elementor-element-b499330 elementor-widget elementor-widget-image\" data-id=\"b499330\" data-element_type=\"widget\" data-e-type=\"widget\" data-widget_type=\"image.default\">\n\t\t\t\t\t\t\t\t\t\t\t\t\t\t\t<img fetchpriority=\"high\" decoding=\"async\" width=\"1024\" height=\"768\" src=\"https:\/\/kingtownhotelplazashanghai.com\/wp-content\/uploads\/2025\/09\/food-1024x768.jpg\" class=\"attachment-large size-large wp-image-6744\" alt=\"\" srcset=\"https:\/\/kingtownhotelplazashanghai.com\/wp-content\/uploads\/2025\/09\/food-1024x768.jpg 1024w, https:\/\/kingtownhotelplazashanghai.com\/wp-content\/uploads\/2025\/09\/food-300x225.jpg 300w, https:\/\/kingtownhotelplazashanghai.com\/wp-content\/uploads\/2025\/09\/food-768x576.jpg 768w, https:\/\/kingtownhotelplazashanghai.com\/wp-content\/uploads\/2025\/09\/food-16x12.jpg 16w, https:\/\/kingtownhotelplazashanghai.com\/wp-content\/uploads\/2025\/09\/food.jpg 1360w\" sizes=\"(max-width: 1024px) 100vw, 1024px\" \/>\t\t\t\t\t\t\t\t\t\t\t\t\t\t\t<\/div>\n\t\t\t\t\t<\/div>\n\t\t\t\t<\/div>\n\t\t<div class=\"elementor-element elementor-element-d05381b e-flex e-con-boxed e-con e-parent\" data-id=\"d05381b\" data-element_type=\"container\" data-e-type=\"container\">\n\t\t\t\t\t<div class=\"e-con-inner\">\n\t\t\t\t<div class=\"elementor-element elementor-element-53bd849 elementor-widget elementor-widget-text-editor\" data-id=\"53bd849\" data-element_type=\"widget\" data-e-type=\"widget\" data-widget_type=\"text-editor.default\">\n\t\t\t\t\t\t\t\t\t<p data-spm-anchor-id=\"a2ty_o01.29997173.0.i63.51f6c921lHx93C\">Ubicado en el elegante y moderno Kingtown Hotel Plaza Shanghai, en el n.\u00b0 126 de Xinzha Road, distrito de Huangpu, The Plaza Bistro redefine la gastronom\u00eda urbana al fusionar la aut\u00e9ntica tradici\u00f3n shanghainesa con un toque contempor\u00e1neo internacional. A diferencia de los t\u00edpicos restaurantes de hotel que se basan en buf\u00e9s gen\u00e9ricos o men\u00fas importados, nuestro restaurante es una obra de amor, creada por chefs locales que crecieron comiendo. <em>xiao largo bao<\/em> de los carros callejeros y aprendiendo el arte de cocinar a fuego lento <em>hong shao rou<\/em> de sus abuelas. Aqu\u00ed, la tradici\u00f3n no se replica, se reinventa.<\/p><p>Nuestro men\u00fa es una carta de amor al alma culinaria de Shangh\u00e1i. En el desayuno, los comensales saborean humeantes tazones de sedosa... <em>gachas de avena<\/em> Cubierto con huevo centenario y hojas de mostaza encurtidas, reci\u00e9n hechas <em>shengjian bao<\/em> (empanadillas de cerdo fritas) con bases crujientes y centros jugosos, y leche de soja casera servida caliente con un toque de jengibre, todo ello procedente de proveedores locales que han abastecido las mejores cocinas familiares de Shangh\u00e1i durante d\u00e9cadas. El almuerzo y la cena revelan matices m\u00e1s profundos: nuestras exclusivas &quot;Empanadillas Bund&quot; se preparan a mano a diario con una receta de 70 a\u00f1os de antig\u00fcedad, mientras que nuestros <em>abul\u00f3n estofado con frijoles negros fermentados<\/em> Se cocina a fuego lento durante 12 horas en una olla de barro, tal como se hac\u00eda en las antiguas casas de t\u00e9 de Nanxiang.<\/p><p>Pero The Plaza Bistro no se limita a la tradici\u00f3n. Nuestro chef ejecutivo, Li Wei, originario de Shangh\u00e1i y formado en Par\u00eds y Tokio, fusiona estos cl\u00e1sicos con t\u00e9cnicas internacionales: piense en berenjenas glaseadas con miso y espuma de vinagre negro, o en confit de pato ahumado servido con salsa hoisin con infusi\u00f3n de yuzu. Nuestro programa de c\u00f3cteles, &quot;Noches de Shangh\u00e1i&quot;, incluye bebidas de temporada como el &quot;Huangpu Sour&quot; (vino Shaoxing, yuzu y miel ahumada) y el &quot;Nanjing Road Mule&quot; (ginebra, lichi y sirope de pimienta de Sichuan), servidos en cristaler\u00eda soplada a mano bajo faroles de luz tenue.<\/p><p>El espacio en s\u00ed es una extensi\u00f3n de la cocina: la c\u00e1lida madera de teca, las paredes de ladrillo recuperado y los azulejos de cer\u00e1mica personalizados inspirados en la azulejer\u00eda de Shangh\u00e1i de la d\u00e9cada de 1920 crean un ambiente \u00edntimo y acogedor. Los ventanales de suelo a techo enmarcan el resplandeciente horizonte de la ciudad, perfectos para disfrutar de c\u00f3cteles al atardecer o cenas tranquilas despu\u00e9s de un d\u00eda explorando el Bund. Tanto si viaja por negocios y busca una reuni\u00f3n de trabajo refinada, como si es un amante de la gastronom\u00eda que busca sabores aut\u00e9nticos m\u00e1s all\u00e1 de las trampas para turistas, o un local que busca una joya escondida, The Plaza Bistro ofrece una experiencia personal, nunca performativa.<\/p><p>Estamos orgullosos de ser uno de los pocos hoteles en el centro de Shangh\u00e1i que ofrece <strong>Servicio diario de dim sum fresco hasta las 3 p. m.<\/strong>Una rareza en una ciudad donde la mayor\u00eda de los hoteles cierran sus desayunos al mediod\u00eda. Nuestros ingredientes son trazables: la carne de cerdo proviene de granjas tradicionales de Jiangsu, las verduras de huertos urbanos en azoteas de Minhang y el t\u00e9 de las colinas cubiertas de niebla de Fujian.<\/p><p>Los clientes siempre valoran The Plaza Bistro mejor que muchos restaurantes independientes del distrito, con m\u00e1s de 4,9\/5 en Trip.com y Google por su &quot;autenticidad&quot;, &quot;servicio&quot; y &quot;profundidad de sabor&quot;. &quot;He comido en m\u00e1s de 20 restaurantes de Shangh\u00e1i&quot;, escribe la viajera Emma R. desde Londres, &quot;pero este es el \u00fanico que me hizo sentir como si me hubieran invitado a casa&quot;.<\/p><p>Ya sea que est\u00e9 reservando un desayuno tranquilo antes de visitar la Torre de Shangh\u00e1i, organizando un almuerzo de negocios con clientes o simplemente ansiando el sabor del verdadero Shangh\u00e1i, <strong>El Plaza Bistro es donde el coraz\u00f3n de la ciudad late en un plato<\/strong>.<\/p><p><strong>Vis\u00edtenos en Kingtown Hotel Plaza Shanghai, No. 126 Xinzha Road, Distrito Huangpu, Shanghai 200003, donde cada comida cuenta una historia.<\/strong><br \/>Abierto todos los d\u00edas de 6:30 a 22:30 | Desayuno incluido para los hu\u00e9spedes | Se recomienda reservar para la cena | Opciones vegetarianas, sin gluten y halal disponibles<\/p><p data-spm-anchor-id=\"a2ty_o01.29997173.0.i64.51f6c921lHx93C\"><em>#ShanghaiRestaurante #ThePlazaBistro #KingtownHotelShanghai #Aut\u00e9nticoShanghaiComida #BestHotelRestaurantShanghai #ShanghaiComedor #BundComedor #ShanghaiDimSum #FodieShanghai #HotelRestaurantWithSoul<\/em><\/p>\t\t\t\t\t\t\t\t<\/div>\n\t\t\t\t\t<\/div>\n\t\t\t\t<\/div>\n\t\t\t\t<section class=\"elementor-section elementor-top-section elementor-element elementor-element-34852810 elementor-section-stretched elementor-section-boxed elementor-section-gap-beside-yes elementor-section-height-default elementor-section-height-default elementor-section-column-vertical-align-stretch\" data-id=\"34852810\" data-element_type=\"section\" data-e-type=\"section\" data-settings=\"{&quot;background_background&quot;:&quot;classic&quot;,&quot;stretch_section&quot;:&quot;section-stretched&quot;}\">\n\t\t\t\t\t\t<div class=\"elementor-container elementor-column-gap-extended\">\n\t\t\t\t\t<div class=\"elementor-column elementor-col-100 elementor-top-column elementor-element elementor-element-1d46d7bd\" data-id=\"1d46d7bd\" data-element_type=\"column\" data-e-type=\"column\">\n\t\t\t<div class=\"elementor-widget-wrap elementor-element-populated\">\n\t\t\t\t\t\t<div class=\"elementor-element elementor-element-2f170351 elementor-widget elementor-widget-nuss-heading\" data-id=\"2f170351\" data-element_type=\"widget\" data-e-type=\"widget\" data-widget_type=\"nuss-heading.default\">\n\t\t\t\t<div class=\"elementor-widget-container\">\n\t\t\t\t\t\t\t<div class=\"nuss-modern-heading\">\r\n\t\t\t\t\t\t<div class=\"heading-secondary-wrap\">\r\n\t\t\t\t<h3 class=\"heading-secondary elementor-heading-title\">Consultar disponibilidad <\/h3>\t\t\t<\/div>\r\n\t\t\r\n\t\t\t\r\n\t\t\t\r\n\t\t\t\t\t<\/div>\r\n\t\t\t\t\t<\/div>\n\t\t\t\t<\/div>\n\t\t\t\t<div class=\"elementor-element elementor-element-780a89fe elementor-widget elementor-widget-text-editor\" data-id=\"780a89fe\" data-element_type=\"widget\" data-e-type=\"widget\" data-widget_type=\"text-editor.default\">\n\t\t\t\t\t\t\t\t\t<iframe border=\"0\" src=\"https:\/\/www.trip.com\/partners\/ad\/S5542756?Allianceid=4590391&#038;SID=261993012&#038;trip_sub1=\" style=\"width:1200px;height:200px\" frameborder=\"0\" scrolling=\"no\" id=\"S5542756\"><\/iframe>\t\t\t\t\t\t\t\t<\/div>\n\t\t\t\t\t<\/div>\n\t\t<\/div>\n\t\t\t\t\t<\/div>\n\t\t<\/section>\n\t\t\t\t<\/div>","protected":false},"excerpt":{"rendered":"<p>The Riverbank Restaurant at The Eton Hotel Shanghai Nestled within the elegant, modern framework of Kingtown Hotel Plaza Shanghai at No. 126 Xinzha Road, Huangpu District, The Plaza Bistro redefines urban dining by blending authentic Shanghainese heritage with contemporary global flair. Unlike typical hotel eateries that rely on generic buffets or imported menus, our restaurant [&hellip;]<\/p>\n","protected":false},"author":1,"featured_media":0,"parent":0,"menu_order":0,"comment_status":"closed","ping_status":"closed","template":"","meta":{"footnotes":""},"class_list":["post-612","page","type-page","status-publish","hentry","post-no-thumbnail"],"_links":{"self":[{"href":"https:\/\/kingtownhotelplazashanghai.com\/es\/wp-json\/wp\/v2\/pages\/612","targetHints":{"allow":["GET"]}}],"collection":[{"href":"https:\/\/kingtownhotelplazashanghai.com\/es\/wp-json\/wp\/v2\/pages"}],"about":[{"href":"https:\/\/kingtownhotelplazashanghai.com\/es\/wp-json\/wp\/v2\/types\/page"}],"author":[{"embeddable":true,"href":"https:\/\/kingtownhotelplazashanghai.com\/es\/wp-json\/wp\/v2\/users\/1"}],"replies":[{"embeddable":true,"href":"https:\/\/kingtownhotelplazashanghai.com\/es\/wp-json\/wp\/v2\/comments?post=612"}],"version-history":[{"count":0,"href":"https:\/\/kingtownhotelplazashanghai.com\/es\/wp-json\/wp\/v2\/pages\/612\/revisions"}],"wp:attachment":[{"href":"https:\/\/kingtownhotelplazashanghai.com\/es\/wp-json\/wp\/v2\/media?parent=612"}],"curies":[{"name":"wp","href":"https:\/\/api.w.org\/{rel}","templated":true}]}}