{"id":5266,"date":"2021-07-18T08:03:35","date_gmt":"2021-07-18T08:03:35","guid":{"rendered":"https:\/\/nuss.uxper.co\/luxury-resort\/?page_id=5266"},"modified":"2025-09-24T04:26:19","modified_gmt":"2025-09-24T04:26:19","slug":"sobre-nosotros","status":"publish","type":"page","link":"https:\/\/kingtownhotelplazashanghai.com\/es\/about-us\/","title":{"rendered":"Sobre nosotros"},"content":{"rendered":"<div data-elementor-type=\"wp-page\" data-elementor-id=\"5266\" class=\"elementor elementor-5266\">\n\t\t\t\t\t\t<section class=\"elementor-section elementor-top-section elementor-element elementor-element-10416953 elementor-section-boxed elementor-section-gap-beside-yes elementor-section-height-default elementor-section-height-default elementor-section-column-vertical-align-stretch\" data-id=\"10416953\" data-element_type=\"section\" data-e-type=\"section\">\n\t\t\t\t\t\t<div class=\"elementor-container elementor-column-gap-extended\">\n\t\t\t\t\t<div class=\"elementor-column elementor-col-100 elementor-top-column elementor-element elementor-element-29c6aa8\" data-id=\"29c6aa8\" data-element_type=\"column\" data-e-type=\"column\">\n\t\t\t<div class=\"elementor-widget-wrap elementor-element-populated\">\n\t\t\t\t\t\t<div class=\"elementor-element elementor-element-7be18fe7 elementor-widget__width-initial elementor-invisible elementor-widget elementor-widget-text-editor\" data-id=\"7be18fe7\" data-element_type=\"widget\" data-e-type=\"widget\" data-settings=\"{&quot;_animation&quot;:&quot;nussFadeInUp&quot;}\" data-widget_type=\"text-editor.default\">\n\t\t\t\t\t\t\t\t\t<div class=\"svelte-1c06zsf\" data-lang-code=\"\"><p data-spm-anchor-id=\"a2ty_o01.29997173.0.i24.326ec921X6ADvz\">Lujo y ubicaci\u00f3n en el coraz\u00f3n de Huangpu<\/p><\/div>\t\t\t\t\t\t\t\t<\/div>\n\t\t\t\t\t<\/div>\n\t\t<\/div>\n\t\t\t\t\t<\/div>\n\t\t<\/section>\n\t\t\t\t<section class=\"elementor-section elementor-top-section elementor-element elementor-element-7d18327f elementor-section-boxed elementor-section-gap-beside-yes elementor-section-height-default elementor-section-height-default elementor-section-column-vertical-align-stretch\" data-id=\"7d18327f\" data-element_type=\"section\" data-e-type=\"section\">\n\t\t\t\t\t\t<div class=\"elementor-container elementor-column-gap-extended\">\n\t\t\t\t\t<div class=\"elementor-column elementor-col-50 elementor-top-column elementor-element elementor-element-56533670\" data-id=\"56533670\" data-element_type=\"column\" data-e-type=\"column\">\n\t\t\t<div class=\"elementor-widget-wrap elementor-element-populated\">\n\t\t\t\t\t\t<div class=\"elementor-element elementor-element-19c3f543 elementor-invisible elementor-widget elementor-widget-text-editor\" data-id=\"19c3f543\" data-element_type=\"widget\" data-e-type=\"widget\" data-settings=\"{&quot;_animation&quot;:&quot;nussFadeInUp&quot;}\" data-widget_type=\"text-editor.default\">\n\t\t\t\t\t\t\t\t\t<div class=\"svelte-1c06zsf\" data-lang-code=\"\"><p data-spm-anchor-id=\"a2ty_o01.29997173.0.i23.51f6c921lHx93C\">Ubicado en el vibrante coraz\u00f3n del distrito Huangpu de Shangh\u00e1i, en el n\u00famero 126 de la calle Xinzha, el Kingtown Hotel Plaza Shanghai ofrece una combinaci\u00f3n inigualable de lujo moderno, comodidad estrat\u00e9gica y aut\u00e9ntico encanto urbano para viajeros exigentes. A solo 5 minutos a pie del emblem\u00e1tico Bund, a 10 minutos de la calle peatonal Nanjing Road y a pasos de los principales centros de negocios y l\u00edneas de metro (l\u00edneas 10 y 12), nuestro hotel boutique es el punto de partida ideal tanto para profesionales de negocios como para viajeros de placer.\u00a0<\/p><\/div>\t\t\t\t\t\t\t\t<\/div>\n\t\t\t\t\t<\/div>\n\t\t<\/div>\n\t\t\t\t<div class=\"elementor-column elementor-col-50 elementor-top-column elementor-element elementor-element-30f14127\" data-id=\"30f14127\" data-element_type=\"column\" data-e-type=\"column\">\n\t\t\t<div class=\"elementor-widget-wrap elementor-element-populated\">\n\t\t\t\t\t\t<div class=\"elementor-element elementor-element-59aea08 elementor-widget elementor-widget-image\" data-id=\"59aea08\" data-element_type=\"widget\" data-e-type=\"widget\" data-widget_type=\"image.default\">\n\t\t\t\t\t\t\t\t\t\t\t\t\t\t\t<img fetchpriority=\"high\" decoding=\"async\" width=\"649\" height=\"853\" src=\"https:\/\/kingtownhotelplazashanghai.com\/wp-content\/uploads\/2025\/09\/Kingtown-Hotel-Plaza-Shanghai-5.webp\" class=\"attachment-large size-large wp-image-6674\" alt=\"\" srcset=\"https:\/\/kingtownhotelplazashanghai.com\/wp-content\/uploads\/2025\/09\/Kingtown-Hotel-Plaza-Shanghai-5.webp 649w, https:\/\/kingtownhotelplazashanghai.com\/wp-content\/uploads\/2025\/09\/Kingtown-Hotel-Plaza-Shanghai-5-228x300.webp 228w, https:\/\/kingtownhotelplazashanghai.com\/wp-content\/uploads\/2025\/09\/Kingtown-Hotel-Plaza-Shanghai-5-9x12.webp 9w\" sizes=\"(max-width: 649px) 100vw, 649px\" \/>\t\t\t\t\t\t\t\t\t\t\t\t\t\t\t<\/div>\n\t\t\t\t\t<\/div>\n\t\t<\/div>\n\t\t\t\t\t<\/div>\n\t\t<\/section>\n\t\t\t\t<section class=\"elementor-section elementor-top-section elementor-element elementor-element-29fb8578 elementor-section-height-min-height elementor-section-stretched elementor-section-full_width elementor-section-items-stretch elementor-section-height-default elementor-section-column-vertical-align-stretch\" data-id=\"29fb8578\" data-element_type=\"section\" data-e-type=\"section\" data-settings=\"{&quot;stretch_section&quot;:&quot;section-stretched&quot;}\">\n\t\t\t\t\t\t<div class=\"elementor-container elementor-column-gap-no\">\n\t\t\t\t\t<div class=\"elementor-column elementor-col-50 elementor-top-column elementor-element elementor-element-40ac270b\" data-id=\"40ac270b\" data-element_type=\"column\" data-e-type=\"column\">\n\t\t\t<div class=\"elementor-widget-wrap elementor-element-populated\">\n\t\t\t\t\t\t<div class=\"elementor-element elementor-element-20872773 elementor-widget__width-initial elementor-widget-mobile__width-inherit elementor-invisible nuss-elementor-loading nuss-slide-in-right elementor-widget elementor-widget-image\" data-id=\"20872773\" data-element_type=\"widget\" data-e-type=\"widget\" data-settings=\"{&quot;_animation&quot;:&quot;nussSlideInRight&quot;}\" data-widget_type=\"image.default\">\n\t\t\t\t\t\t\t\t\t\t\t\t\t\t\t<img decoding=\"async\" width=\"1280\" height=\"853\" src=\"https:\/\/kingtownhotelplazashanghai.com\/wp-content\/uploads\/2025\/09\/Kingtown-Hotel-Plaza-Shanghai-7.webp\" class=\"attachment-full size-full wp-image-6676\" alt=\"\" srcset=\"https:\/\/kingtownhotelplazashanghai.com\/wp-content\/uploads\/2025\/09\/Kingtown-Hotel-Plaza-Shanghai-7.webp 1280w, https:\/\/kingtownhotelplazashanghai.com\/wp-content\/uploads\/2025\/09\/Kingtown-Hotel-Plaza-Shanghai-7-300x200.webp 300w, https:\/\/kingtownhotelplazashanghai.com\/wp-content\/uploads\/2025\/09\/Kingtown-Hotel-Plaza-Shanghai-7-1024x682.webp 1024w, https:\/\/kingtownhotelplazashanghai.com\/wp-content\/uploads\/2025\/09\/Kingtown-Hotel-Plaza-Shanghai-7-768x512.webp 768w, https:\/\/kingtownhotelplazashanghai.com\/wp-content\/uploads\/2025\/09\/Kingtown-Hotel-Plaza-Shanghai-7-18x12.webp 18w\" sizes=\"(max-width: 1280px) 100vw, 1280px\" \/>\t\t\t\t\t\t\t\t\t\t\t\t\t\t\t<\/div>\n\t\t\t\t\t<\/div>\n\t\t<\/div>\n\t\t\t\t<div class=\"elementor-column elementor-col-50 elementor-top-column elementor-element elementor-element-2dac103\" data-id=\"2dac103\" data-element_type=\"column\" data-e-type=\"column\">\n\t\t\t<div class=\"elementor-widget-wrap elementor-element-populated\">\n\t\t\t\t\t\t<div class=\"elementor-element elementor-element-6f1b8966 elementor-invisible elementor-widget elementor-widget-text-editor\" data-id=\"6f1b8966\" data-element_type=\"widget\" data-e-type=\"widget\" data-settings=\"{&quot;_animation&quot;:&quot;nussFadeInUp&quot;}\" data-widget_type=\"text-editor.default\">\n\t\t\t\t\t\t\t\t\t<p>Dise\u00f1adas con interiores elegantes y minimalistas y tecnolog\u00eda inteligente, cada una de nuestras m\u00e1s de 180 habitaciones ofrece vistas panor\u00e1micas de la ciudad, ropa de cama de primera calidad, insonorizaci\u00f3n y wifi de alta velocidad para garantizar comodidad y productividad. Disfrute de una cena con distinci\u00f3n en nuestro galardonado restaurante, donde la cocina shanghainesa contempor\u00e1nea se fusiona con sabores internacionales utilizando ingredientes locales. Disfrute de servicios de conserjer\u00eda 24\/7 adaptados a sus necesidades, desde recorridos por la ciudad seleccionados hasta entregas de dumplings de \u00faltima hora, adem\u00e1s de un gimnasio, un sal\u00f3n de negocios y espacios para reuniones equipados para eventos impecables. Ya sea que viaje por trabajo, cultura o para conectar, Kingtown Hotel Plaza Shanghai no solo se adapta a su estancia, sino que la eleva. Reserve directamente para obtener tarifas exclusivas, desayuno de cortes\u00eda y salida tard\u00eda. Descubra por qu\u00e9 los viajeros nos clasifican constantemente entre los hoteles m\u00e1s personalizados y c\u00e9ntricos de Shangh\u00e1i, donde el ritmo de la ciudad se fusiona con la sofisticaci\u00f3n.<\/p>\t\t\t\t\t\t\t\t<\/div>\n\t\t\t\t\t<\/div>\n\t\t<\/div>\n\t\t\t\t\t<\/div>\n\t\t<\/section>\n\t\t\t\t<section class=\"elementor-section elementor-top-section elementor-element elementor-element-2092b7d0 elementor-section-stretched elementor-section-boxed elementor-section-gap-beside-yes elementor-section-height-default elementor-section-height-default elementor-section-column-vertical-align-stretch\" data-id=\"2092b7d0\" data-element_type=\"section\" data-e-type=\"section\" data-settings=\"{&quot;background_background&quot;:&quot;classic&quot;,&quot;stretch_section&quot;:&quot;section-stretched&quot;}\">\n\t\t\t\t\t\t<div class=\"elementor-container elementor-column-gap-extended\">\n\t\t\t\t\t<div class=\"elementor-column elementor-col-100 elementor-top-column elementor-element elementor-element-be69d75\" data-id=\"be69d75\" data-element_type=\"column\" data-e-type=\"column\">\n\t\t\t<div class=\"elementor-widget-wrap elementor-element-populated\">\n\t\t\t\t\t\t<div class=\"elementor-element elementor-element-320c022 elementor-widget elementor-widget-nuss-heading\" data-id=\"320c022\" data-element_type=\"widget\" data-e-type=\"widget\" data-widget_type=\"nuss-heading.default\">\n\t\t\t\t<div class=\"elementor-widget-container\">\n\t\t\t\t\t\t\t<div class=\"nuss-modern-heading\">\r\n\t\t\t\t\t\t<div class=\"heading-secondary-wrap\">\r\n\t\t\t\t<h3 class=\"heading-secondary elementor-heading-title\">Consultar disponibilidad <\/h3>\t\t\t<\/div>\r\n\t\t\r\n\t\t\t\r\n\t\t\t\r\n\t\t\t\t\t<\/div>\r\n\t\t\t\t\t<\/div>\n\t\t\t\t<\/div>\n\t\t\t\t<div class=\"elementor-element elementor-element-cafba93 elementor-widget elementor-widget-text-editor\" data-id=\"cafba93\" data-element_type=\"widget\" data-e-type=\"widget\" data-widget_type=\"text-editor.default\">\n\t\t\t\t\t\t\t\t\t<iframe border=\"0\" src=\"https:\/\/www.trip.com\/partners\/ad\/S5542756?Allianceid=4590391&#038;SID=261993012&#038;trip_sub1=\" style=\"width:1200px;height:200px\" frameborder=\"0\" scrolling=\"no\" id=\"S5542756\"><\/iframe>\t\t\t\t\t\t\t\t<\/div>\n\t\t\t\t\t<\/div>\n\t\t<\/div>\n\t\t\t\t\t<\/div>\n\t\t<\/section>\n\t\t\t\t<\/div>","protected":false},"excerpt":{"rendered":"<p>Luxury &amp; Location in the Heart of Huangpu Nestled in the vibrant heart of Shanghai\u2019s Huangpu District at No. 126 Xinzha Road, Kingtown Hotel Plaza Shanghai offers an unparalleled blend of modern luxury, strategic convenience, and authentic urban charm for discerning travelers. Just a 5-minute walk from the iconic Bund, 10 minutes from Nanjing Road [&hellip;]<\/p>\n","protected":false},"author":1,"featured_media":0,"parent":0,"menu_order":0,"comment_status":"closed","ping_status":"closed","template":"","meta":{"footnotes":""},"class_list":["post-5266","page","type-page","status-publish","hentry","post-no-thumbnail"],"_links":{"self":[{"href":"https:\/\/kingtownhotelplazashanghai.com\/es\/wp-json\/wp\/v2\/pages\/5266","targetHints":{"allow":["GET"]}}],"collection":[{"href":"https:\/\/kingtownhotelplazashanghai.com\/es\/wp-json\/wp\/v2\/pages"}],"about":[{"href":"https:\/\/kingtownhotelplazashanghai.com\/es\/wp-json\/wp\/v2\/types\/page"}],"author":[{"embeddable":true,"href":"https:\/\/kingtownhotelplazashanghai.com\/es\/wp-json\/wp\/v2\/users\/1"}],"replies":[{"embeddable":true,"href":"https:\/\/kingtownhotelplazashanghai.com\/es\/wp-json\/wp\/v2\/comments?post=5266"}],"version-history":[{"count":0,"href":"https:\/\/kingtownhotelplazashanghai.com\/es\/wp-json\/wp\/v2\/pages\/5266\/revisions"}],"wp:attachment":[{"href":"https:\/\/kingtownhotelplazashanghai.com\/es\/wp-json\/wp\/v2\/media?parent=5266"}],"curies":[{"name":"wp","href":"https:\/\/api.w.org\/{rel}","templated":true}]}}